{"id":226,"date":"2020-10-19T09:00:51","date_gmt":"2020-10-19T09:00:51","guid":{"rendered":"https:\/\/schmid-gastro.ch\/?page_id=226"},"modified":"2025-02-03T11:39:00","modified_gmt":"2025-02-03T11:39:00","slug":"kulinarisches","status":"publish","type":"page","link":"https:\/\/schmid-gastro.ch\/?page_id=226","title":{"rendered":"Kulinarisches"},"content":{"rendered":"\n<p>F\u00fcr Ihren Besuch in an unseren Standorten sowie auch im Catering finden Sie in der Folge einige unserer zahlreichen kulinarischen Vorschl\u00e4ge. Gerne beraten wir Sie pers\u00f6nlich. Nutzen Sie daf\u00fcr unser <a href=\"https:\/\/schmid-gastro.ch\/?page_id=104\" target=\"_blank\" rel=\"noreferrer noopener\">Kontaktformular<\/a> oder rufen Sie uns an. Wir freuen uns auf Ihre Kontaktaufnahme. <\/p>\n\n\n\n<p><strong>Ap\u00e9ro &#8211; Ideen<\/strong><\/p>\n\n\n\n<figure class=\"wp-block-gallery columns-2 is-cropped wp-block-gallery-1 is-layout-flex wp-block-gallery-is-layout-flex\"><ul class=\"blocks-gallery-grid\"><li class=\"blocks-gallery-item\"><figure><img loading=\"lazy\" decoding=\"async\" width=\"254\" height=\"300\" src=\"https:\/\/schmid-gastro.ch\/wp-content\/uploads\/2020\/10\/Ap\u00c3\u00a9ro-2-254x300.jpg\" alt=\"\" data-id=\"227\" data-full-url=\"https:\/\/schmid-gastro.ch\/wp-content\/uploads\/2020\/10\/Ap\u00c3\u00a9ro-2-scaled.jpg\" data-link=\"https:\/\/schmid-gastro.ch\/?attachment_id=227\" class=\"wp-image-227\" srcset=\"https:\/\/schmid-gastro.ch\/wp-content\/uploads\/2020\/10\/Ap\u00c3\u00a9ro-2-254x300.jpg 254w, https:\/\/schmid-gastro.ch\/wp-content\/uploads\/2020\/10\/Ap\u00c3\u00a9ro-2-868x1024.jpg 868w, https:\/\/schmid-gastro.ch\/wp-content\/uploads\/2020\/10\/Ap\u00c3\u00a9ro-2-768x906.jpg 768w, https:\/\/schmid-gastro.ch\/wp-content\/uploads\/2020\/10\/Ap\u00c3\u00a9ro-2-1302x1536.jpg 1302w, https:\/\/schmid-gastro.ch\/wp-content\/uploads\/2020\/10\/Ap\u00c3\u00a9ro-2-1736x2048.jpg 1736w\" sizes=\"auto, (max-width: 254px) 100vw, 254px\" \/><\/figure><\/li><li class=\"blocks-gallery-item\"><figure><img loading=\"lazy\" decoding=\"async\" width=\"225\" height=\"300\" src=\"https:\/\/schmid-gastro.ch\/wp-content\/uploads\/2020\/10\/Ap\u00c3\u00a9ro-3-225x300.jpg\" alt=\"\" data-id=\"228\" data-full-url=\"https:\/\/schmid-gastro.ch\/wp-content\/uploads\/2020\/10\/Ap\u00c3\u00a9ro-3-scaled.jpg\" data-link=\"https:\/\/schmid-gastro.ch\/?attachment_id=228\" class=\"wp-image-228\" srcset=\"https:\/\/schmid-gastro.ch\/wp-content\/uploads\/2020\/10\/Ap\u00c3\u00a9ro-3-225x300.jpg 225w, https:\/\/schmid-gastro.ch\/wp-content\/uploads\/2020\/10\/Ap\u00c3\u00a9ro-3-768x1024.jpg 768w, https:\/\/schmid-gastro.ch\/wp-content\/uploads\/2020\/10\/Ap\u00c3\u00a9ro-3-1152x1536.jpg 1152w, https:\/\/schmid-gastro.ch\/wp-content\/uploads\/2020\/10\/Ap\u00c3\u00a9ro-3-scaled.jpg 1920w\" sizes=\"auto, (max-width: 225px) 100vw, 225px\" \/><\/figure><\/li><\/ul><\/figure>\n\n\n\n<p><strong>Vorspeisen und Hauptg\u00e4nge<\/strong><\/p>\n\n\n\n<figure class=\"wp-block-gallery columns-2 is-cropped wp-block-gallery-2 is-layout-flex wp-block-gallery-is-layout-flex\"><ul class=\"blocks-gallery-grid\"><li class=\"blocks-gallery-item\"><figure><img loading=\"lazy\" decoding=\"async\" width=\"300\" height=\"298\" src=\"https:\/\/schmid-gastro.ch\/wp-content\/uploads\/2020\/10\/Hauptgang-300x298.jpg\" alt=\"\" data-id=\"230\" data-full-url=\"https:\/\/schmid-gastro.ch\/wp-content\/uploads\/2020\/10\/Hauptgang.jpg\" data-link=\"https:\/\/schmid-gastro.ch\/?attachment_id=230\" class=\"wp-image-230\" srcset=\"https:\/\/schmid-gastro.ch\/wp-content\/uploads\/2020\/10\/Hauptgang-300x298.jpg 300w, https:\/\/schmid-gastro.ch\/wp-content\/uploads\/2020\/10\/Hauptgang-1024x1019.jpg 1024w, https:\/\/schmid-gastro.ch\/wp-content\/uploads\/2020\/10\/Hauptgang-150x150.jpg 150w, https:\/\/schmid-gastro.ch\/wp-content\/uploads\/2020\/10\/Hauptgang-768x764.jpg 768w, https:\/\/schmid-gastro.ch\/wp-content\/uploads\/2020\/10\/Hauptgang.jpg 1333w\" sizes=\"auto, (max-width: 300px) 100vw, 300px\" \/><figcaption class=\"blocks-gallery-item__caption\">Hauptg\u00e4nge<\/figcaption><\/figure><\/li><li class=\"blocks-gallery-item\"><figure><img loading=\"lazy\" decoding=\"async\" width=\"265\" height=\"300\" src=\"https:\/\/schmid-gastro.ch\/wp-content\/uploads\/2020\/10\/Vorspeise-265x300.jpg\" alt=\"\" data-id=\"231\" data-full-url=\"https:\/\/schmid-gastro.ch\/wp-content\/uploads\/2020\/10\/Vorspeise.jpg\" data-link=\"https:\/\/schmid-gastro.ch\/?attachment_id=231\" class=\"wp-image-231\" srcset=\"https:\/\/schmid-gastro.ch\/wp-content\/uploads\/2020\/10\/Vorspeise-265x300.jpg 265w, https:\/\/schmid-gastro.ch\/wp-content\/uploads\/2020\/10\/Vorspeise-904x1024.jpg 904w, https:\/\/schmid-gastro.ch\/wp-content\/uploads\/2020\/10\/Vorspeise-768x869.jpg 768w, https:\/\/schmid-gastro.ch\/wp-content\/uploads\/2020\/10\/Vorspeise.jpg 1294w\" sizes=\"auto, (max-width: 265px) 100vw, 265px\" \/><figcaption class=\"blocks-gallery-item__caption\">Vorspeisen<\/figcaption><\/figure><\/li><\/ul><\/figure>\n\n\n\n<p>Hier finden Sie weitere Informationen:<\/p>\n\n\n\n<div class=\"wp-block-file\"><a href=\"https:\/\/schmid-gastro.ch\/wp-content\/uploads\/2025\/02\/Ap\u00e9rovorschl\u00e4ge.pdf\">Ap\u00e9rovorschl\u00e4ge<\/a><a href=\"https:\/\/schmid-gastro.ch\/wp-content\/uploads\/2025\/02\/Ap\u00e9rovorschl\u00e4ge.pdf\" class=\"wp-block-file__button\" download>Herunterladen<\/a><\/div>\n\n\n\n<div class=\"wp-block-file\"><a href=\"https:\/\/schmid-gastro.ch\/wp-content\/uploads\/2025\/02\/Menuvorschl\u00e4ge.pdf\">Menuvorschl\u00e4ge<\/a><a href=\"https:\/\/schmid-gastro.ch\/wp-content\/uploads\/2025\/02\/Menuvorschl\u00e4ge.pdf\" class=\"wp-block-file__button\" download>Herunterladen<\/a><\/div>\n\n\n\n<div class=\"wp-block-file\"><a href=\"https:\/\/schmid-gastro.ch\/wp-content\/uploads\/2025\/02\/Catering.pdf\">Catering<\/a><a href=\"https:\/\/schmid-gastro.ch\/wp-content\/uploads\/2025\/02\/Catering.pdf\" class=\"wp-block-file__button\" download>Herunterladen<\/a><\/div>\n","protected":false},"excerpt":{"rendered":"<p>F\u00fcr Ihren Besuch in an unseren Standorten sowie auch im Catering finden Sie in der Folge einige unserer zahlreichen kulinarischen Vorschl\u00e4ge. Gerne beraten wir Sie pers\u00f6nlich. Nutzen Sie daf\u00fcr unser Kontaktformular oder rufen Sie uns an. Wir freuen uns auf Ihre Kontaktaufnahme. Ap\u00e9ro &#8211; Ideen Vorspeisen und Hauptg\u00e4nge Hier finden Sie weitere Informationen:<\/p>\n","protected":false},"author":1,"featured_media":0,"parent":0,"menu_order":0,"comment_status":"closed","ping_status":"closed","template":"","meta":{"footnotes":""},"class_list":["post-226","page","type-page","status-publish","hentry","nodate","item-wrap"],"_links":{"self":[{"href":"https:\/\/schmid-gastro.ch\/index.php?rest_route=\/wp\/v2\/pages\/226","targetHints":{"allow":["GET"]}}],"collection":[{"href":"https:\/\/schmid-gastro.ch\/index.php?rest_route=\/wp\/v2\/pages"}],"about":[{"href":"https:\/\/schmid-gastro.ch\/index.php?rest_route=\/wp\/v2\/types\/page"}],"author":[{"embeddable":true,"href":"https:\/\/schmid-gastro.ch\/index.php?rest_route=\/wp\/v2\/users\/1"}],"replies":[{"embeddable":true,"href":"https:\/\/schmid-gastro.ch\/index.php?rest_route=%2Fwp%2Fv2%2Fcomments&post=226"}],"version-history":[{"count":18,"href":"https:\/\/schmid-gastro.ch\/index.php?rest_route=\/wp\/v2\/pages\/226\/revisions"}],"predecessor-version":[{"id":283,"href":"https:\/\/schmid-gastro.ch\/index.php?rest_route=\/wp\/v2\/pages\/226\/revisions\/283"}],"wp:attachment":[{"href":"https:\/\/schmid-gastro.ch\/index.php?rest_route=%2Fwp%2Fv2%2Fmedia&parent=226"}],"curies":[{"name":"wp","href":"https:\/\/api.w.org\/{rel}","templated":true}]}}